{"id":505,"date":"2017-08-18T09:39:59","date_gmt":"2017-08-18T09:39:59","guid":{"rendered":"http:\/\/denta.cmsmasters.net\/?page_id=505"},"modified":"2026-03-25T10:18:15","modified_gmt":"2026-03-25T09:18:15","slug":"home","status":"publish","type":"page","link":"https:\/\/mim-pflegedienst.de\/","title":{"rendered":"Home"},"content":{"rendered":"<div id=\"cmsmasters_row_87v0q70mtp\" class=\"cmsmasters_row cmsmasters_color_scheme_default cmsmasters_row_top_default cmsmasters_row_bot_default cmsmasters_row_fullwidth\">\n<div class=\"cmsmasters_row_outer_parent\">\n<div class=\"cmsmasters_row_outer\">\n<div class=\"cmsmasters_row_inner cmsmasters_row_fullwidth\">\n<div class=\"cmsmasters_row_margin\">\n<div id=\"cmsmasters_column_9dsetdmva\" class=\"cmsmasters_column one_first\">\n<div class=\"cmsmasters_column_inner\">\n<div class=\"cmsmasters_slider\">\n\t\t\t\t<p class=\"rs-p-wp-fix\"><\/p>\n\t\t\t\t<sr7-module data-alias=\"home_alt\" data-id=\"1\" id=\"SR7_1_1\" class=\"rs-ov-hidden\" data-version=\"6.7.35\">\n\t\t\t\t\t<sr7-adjuster><\/sr7-adjuster>\n\t\t\t\t\t<sr7-content>\n\t\t\t\t\t\t<sr7-slide id=\"SR7_1_1-1\" data-key=\"1\">\n\t\t\t\t\t\t\t<sr7-bg id=\"SR7_1_1-1-20\" class=\"sr7-layer\"><noscript><img decoding=\"async\" src=\"https:\/\/mim-pflegedienst.de\/wp-content\/uploads\/2025\/08\/bg_slide11.jpg\" alt=\"\" title=\"bg_slide11\"><\/noscript><\/sr7-bg>\n\t\t\t\t\t\t\t<sr7-txt id=\"SR7_1_1-1-3\" class=\"sr7-layer\">Ihr Pflegedienst\n<br>in Aumenau<\/sr7-txt>\n\t\t\t\t\t\t\t<sr7-txt id=\"SR7_1_1-1-4\" class=\"sr7-layer\">Medizinische Pflege, Hauswirtschaft <br>und Betreuung<\/sr7-txt>\n\t\t\t\t\t\t\t<sr7-txt id=\"SR7_1_1-1-10\" class=\"sr7-layer\">TERMIN VEREINBAREN<\/sr7-txt>\n\t\t\t\t\t\t\t<sr7-txt id=\"SR7_1_1-1-12\" class=\"sr7-layer\">Ihr Pflegedienst\n<br>in Aumenau<\/sr7-txt>\n\t\t\t\t\t\t\t<sr7-txt id=\"SR7_1_1-1-13\" class=\"sr7-layer\">Medizinische Pflege, Hauswirtschaft <br>und Betreuung<\/sr7-txt>\n\t\t\t\t\t\t\t<sr7-txt id=\"SR7_1_1-1-14\" class=\"sr7-layer\">TERMIN VEREINBAREN<\/sr7-txt>\n\t\t\t\t\t\t<\/sr7-slide>\n\t\t\t\t\t\t<sr7-slide id=\"SR7_1_1-5\" data-key=\"5\">\n\t\t\t\t\t\t<\/sr7-slide>\n\t\t\t\t\t<\/sr7-content>\n\t\t\t\t\t<image_lists style=\"display:none\">\n\t\t\t\t\t\t<img data-src=\"\/\/mim-pflegedienst.de\/wp-content\/uploads\/2025\/08\/bg_slide11.jpg\" data-libid=\"2721\" data-lib=\"medialibrary\" title=\"bg_slide11\" width=\"0\" height=\"0\" data-dbsrc=\"Ly9taW0tcGZsZWdlZGllbnN0LmRlL3dwLWNvbnRlbnQvdXBsb2Fkcy8yMDI1LzA4L2JnX3NsaWRlMTEuanBn\"\/>\n\t\t\t\t\t<\/image_lists>\n\t\t\t\t<\/sr7-module>\n\t\t\t\t<script>\n\t\t\t\t\tSR7.PMH ??={}; SR7.PMH[\"SR7_1_1\"] = {cn:100,state:false,fn: function() { if (_tpt!==undefined && _tpt.prepareModuleHeight !== undefined) {  _tpt.prepareModuleHeight({id:\"SR7_1_1\",el:[760,760,760,650,420],type:'standard',shdw:'0',gh:[760,760,760,650,420],gw:[1200,1200,980,480,320],vpt:['-100px&#039;,&#039;-100px&#039;,&#039;-100px&#039;,&#039;-100px&#039;,&#039;-100px'],size:{fullWidth:false, fullHeight:false},mh:'0',onh:0,onw:0,bg:{color:'{\"orig\":\"transparent\",\"type\":\"solid\",\"string\":\"transparent\"}'},plType:'0',plColor:'#FFFFFF'});   SR7.PMH[\"SR7_1_1\"].state=true;} else if(SR7.PMH[\"SR7_1_1\"].cn-->0)\tsetTimeout( SR7.PMH[\"SR7_1_1\"].fn,19);}};SR7.PMH[\"SR7_1_1\" ].fn();\n\t\t\t\t<\/script>\n<\/div>\n<\/div><\/div>\n<\/div>\n<\/div>\n<\/div>\n<\/div>\n<\/div>\n<div id=\"cmsmasters_row_krefisx25l\" class=\"cmsmasters_row cmsmasters_color_scheme_default cmsmasters_row_top_default cmsmasters_row_bot_default cmsmasters_row_boxed\">\n<div class=\"cmsmasters_row_outer_parent\">\n<div class=\"cmsmasters_row_outer\">\n<div class=\"cmsmasters_row_inner\">\n<div class=\"cmsmasters_row_margin\">\n<div id=\"cmsmasters_column_spa4ieohck\" class=\"cmsmasters_column one_first\">\n<div class=\"cmsmasters_column_inner\">\n<div id=\"cmsmasters_divider_autp56lec7\" class=\"cmsmasters_divider cmsmasters_divider_width_long cmsmasters_divider_pos_center\"><\/div>\n<\/div><\/div>\n<\/div>\n<\/div>\n<div class=\"cmsmasters_row_inner\">\n<div class=\"cmsmasters_row_margin cmsmasters_row_columns_behavior\">\n<div id=\"cmsmasters_column_hxd4j3l8z\" class=\"cmsmasters_column one_third\">\n<div class=\"cmsmasters_column_inner\"><div id=\"cmsmasters_icon_4f065lgryk\" class=\"cmsmasters_icon_wrap\"><span class=\"cmsmasters_simple_icon cmsmasters-icon-custom-heart\"><\/span><span class=\"cmsmasters_simple_icon_title\"><\/span><\/div>\n<div id=\"cmsmasters_heading_fl68kbfyh3\" class=\"cmsmasters_heading_wrap cmsmasters_heading_align_center\">\n\t<h2 class=\"cmsmasters_heading\">Medizinische Pflege<\/h2>\n<\/div><div id=\"cmsmasters_heading_l7bi6w0kd\" class=\"cmsmasters_heading_wrap cmsmasters_heading_align_center\">\n\t<h2 class=\"cmsmasters_heading\">Wir k\u00fcmmern uns in der medizinischen Pflege um die Gesundheit und das Wohlbefinden der Menschen. Wir messen Blutdruck, verabreichen Medikamente und unterst\u00fctzen bei Behandlungen.<\/h2>\n<\/div>\n<div id=\"cmsmasters_divider_z7zrrx8s9\" class=\"cl\"><\/div>\n<\/div><\/div>\n<div id=\"cmsmasters_column_q26amddodm\" class=\"cmsmasters_column one_third\">\n<div class=\"cmsmasters_column_inner\"><div id=\"cmsmasters_icon_p4mej0vkwe\" class=\"cmsmasters_icon_wrap\"><span class=\"cmsmasters_simple_icon cmsmasters-icon-custom-home\"><\/span><span class=\"cmsmasters_simple_icon_title\"><\/span><\/div>\n<div id=\"cmsmasters_heading_kozbqtohjo\" class=\"cmsmasters_heading_wrap cmsmasters_heading_align_center\">\n\t<h2 class=\"cmsmasters_heading\">Hauswirtschaft<\/h2>\n<\/div><div id=\"cmsmasters_heading_fwbqv1yi4f\" class=\"cmsmasters_heading_wrap cmsmasters_heading_align_center\">\n\t<h2 class=\"cmsmasters_heading\">Wir k\u00fcmmern uns in der Hauswirtschaft um alles, was im Haushalt wichtig ist. Wir kochen, reinigen, waschen und organisieren, damit alles gut funktioniert. Dabei achten wir auf Sauberkeit, Ordnung und einen bewussten Umgang mit Ressourcen.<\/h2>\n<\/div>\n<div id=\"cmsmasters_divider_1f6eyxbotj\" class=\"cl\"><\/div>\n<\/div><\/div>\n<div id=\"cmsmasters_column_mi5l2gcqha\" class=\"cmsmasters_column one_third\">\n<div class=\"cmsmasters_column_inner\"><div id=\"cmsmasters_icon_654ixwbu5j\" class=\"cmsmasters_icon_wrap\"><span class=\"cmsmasters_simple_icon cmsmasters-icon-user-3\"><\/span><span class=\"cmsmasters_simple_icon_title\"><\/span><\/div>\n<div id=\"cmsmasters_heading_xhbkshzouh\" class=\"cmsmasters_heading_wrap cmsmasters_heading_align_center\">\n\t<h2 class=\"cmsmasters_heading\">Betreuung<\/h2>\n<\/div><div id=\"cmsmasters_heading_j8uaa7y3z6\" class=\"cmsmasters_heading_wrap cmsmasters_heading_align_center\">\n\t<h2 class=\"cmsmasters_heading\">Wir begleiten und unterst\u00fctzen \u00e4ltere Menschen im Alltag. Wir helfen bei der Pflege, h\u00f6ren zu, f\u00fchren Gespr\u00e4che und gestalten gemeinsame Aktivit\u00e4ten. Dabei sorgen wir f\u00fcr Wohlbefinden, Sicherheit und ein respektvolles Miteinander.<\/h2>\n<\/div>\n<div id=\"cmsmasters_divider_arrnwtfml\" class=\"cl\"><\/div>\n<\/div><\/div>\n<\/div>\n<\/div>\n<\/div>\n<\/div>\n<\/div>\n<div id=\"cmsmasters_row_uat9820e6s\" class=\"cmsmasters_row cmsmasters_color_scheme_default cmsmasters_row_top_default cmsmasters_row_bot_default cmsmasters_row_boxed\">\n<div class=\"cmsmasters_row_outer_parent\">\n<div class=\"cmsmasters_row_outer\">\n<div class=\"cmsmasters_row_inner\">\n<div class=\"cmsmasters_row_margin\">\n<div id=\"cmsmasters_column_8gsr10fb7\" class=\"cmsmasters_column one_first\">\n<div class=\"cmsmasters_column_inner\"><p><\/p>\n<\/div><\/div>\n<\/div>\n<\/div>\n<\/div>\n<\/div>\n<\/div>\n<div id=\"cmsmasters_row_3emre5k2ud\" class=\"cmsmasters_row cmsmasters_color_scheme_default cmsmasters_row_top_default cmsmasters_row_bot_default cmsmasters_row_fullwidth\">\n<div class=\"cmsmasters_row_outer_parent\">\n<div class=\"cmsmasters_row_outer\">\n<div class=\"cmsmasters_row_inner cmsmasters_row_fullwidth cmsmasters_row_no_margin\">\n<div class=\"cmsmasters_row_margin cmsmasters_row_columns_behavior\">\n<div id=\"cmsmasters_column_zgbeh0uc1j\" class=\"cmsmasters_column one_half\">\n<div class=\"cmsmasters_column_inner\"><\/div><\/div>\n<div id=\"cmsmasters_column_rpxpmctwbs\" class=\"cmsmasters_column one_half\">\n<div class=\"cmsmasters_column_inner\"><div id=\"cmsmasters_heading_ewlo9x9cfk\" class=\"cmsmasters_heading_wrap cmsmasters_heading_align_left\">\n\t<h2 class=\"cmsmasters_heading\">Ihr Pflegedienst in Aumenau<\/h2>\n<\/div><div id=\"cmsmasters_heading_jql01vdwy8\" class=\"cmsmasters_heading_wrap cmsmasters_heading_align_left\">\n\t<h2 class=\"cmsmasters_heading\">Mit Hand und Herz f\u00fcr Ihre Pflege<\/h2>\n<\/div><div class=\"cmsmasters_text\">\n<h6><span style=\"color: #47535c; font-size: 20px; line-height: 28px; font-weight: 300; text-align: left;\">Wir bieten medizinische Pflege, Hauswirtschaft und Betreuung \u2013 zuverl\u00e4ssig, herzlich und individuell auf Ihre Bed\u00fcrfnisse abgestimmt.<\/span><\/h6>\n<h6><span style=\"color: #47535c; font-size: 20px; line-height: 28px; font-weight: 300; text-align: left;\">Bei uns steht der Mensch im Mittelpunkt \u2013 mit Respekt, Empathie und fachlicher Kompetenz sorgen wir f\u00fcr eine liebevolle und individuelle Betreuung, die Lebensqualit\u00e4t und W\u00fcrde bewahrt.<\/span><\/h6>\n<\/div>\n<\/div><\/div>\n<\/div>\n<\/div>\n<\/div>\n<\/div>\n<\/div>\n<div id=\"cmsmasters_row_lzju073ix\" class=\"cmsmasters_row cmsmasters_color_scheme_default cmsmasters_row_top_default cmsmasters_row_bot_default cmsmasters_row_boxed\">\n<div class=\"cmsmasters_row_outer_parent\">\n<div class=\"cmsmasters_row_outer\">\n<div class=\"cmsmasters_row_inner\">\n<div class=\"cmsmasters_row_margin\">\n<div id=\"cmsmasters_column_2hww2c5kpk\" class=\"cmsmasters_column one_half\">\n<div class=\"cmsmasters_column_inner\"><div class=\"aligncenter\"><div class=\"cmsmasters_img  cmsmasters_image_c\"><img decoding=\"async\" src=\"https:\/\/mim-pflegedienst.de\/wp-content\/uploads\/2025\/11\/logo_png_kl.png\" \/><\/div><\/div><div id=\"cmsmasters_heading_pfl2o4vyb4\" class=\"cmsmasters_heading_wrap cmsmasters_heading_align_left\">\n\t<h2 class=\"cmsmasters_heading\">Willkommen bei Ihrem Pflegedienst<\/h2>\n<\/div><div id=\"cmsmasters_heading_vpde6htl4\" class=\"cmsmasters_heading_wrap cmsmasters_heading_align_left\">\n\t<h2 class=\"cmsmasters_heading\">Sie haben Fragen ?<\/h2>\n<\/div><div class=\"cmsmasters_text\">\n<h6><span style=\"color: #ffffff; font-size: 20px; line-height: 28px; font-weight: 300; text-align: left;\">Gerne stehen wir Ihnen mit Rat und Tat zur Seite. Schicken Sie uns daf\u00fcr einfach eine Nachricht.<\/span><\/h6>\n<\/div>\n<\/div><\/div>\n<div id=\"cmsmasters_column_q8ceyxqyru\" class=\"cmsmasters_column one_half\" data-animation=\"fadeIn\" data-delay=\"0\">\n<div class=\"cmsmasters_column_inner\">\n<div class=\"cmsmasters_contact_form\">\n<div class=\"wpcf7 no-js\" id=\"wpcf7-f2664-o1\" lang=\"en-US\" dir=\"ltr\" data-wpcf7-id=\"2664\">\n<div class=\"screen-reader-response\"><p role=\"status\" aria-live=\"polite\" aria-atomic=\"true\"><\/p> <ul><\/ul><\/div>\n<form action=\"\/index.php\/wp-json\/wp\/v2\/pages\/505#wpcf7-f2664-o1\" method=\"post\" class=\"wpcf7-form init\" aria-label=\"Contact form\" novalidate=\"novalidate\" data-status=\"init\">\n<fieldset class=\"hidden-fields-container\"><input type=\"hidden\" name=\"_wpcf7\" value=\"2664\" \/><input type=\"hidden\" name=\"_wpcf7_version\" value=\"6.1.5\" \/><input type=\"hidden\" name=\"_wpcf7_locale\" value=\"en_US\" \/><input type=\"hidden\" name=\"_wpcf7_unit_tag\" value=\"wpcf7-f2664-o1\" \/><input type=\"hidden\" name=\"_wpcf7_container_post\" value=\"0\" \/><input type=\"hidden\" name=\"_wpcf7_posted_data_hash\" value=\"\" \/>\n<\/fieldset>\n<div class=\"cmsmasters_row_margin cmsms_1212\">\n\t<div class=\"cmsms_column one_half\">\n\t\t<p><span class=\"wpcf7-form-control-wrap\" data-name=\"your-name-first\"><input size=\"40\" maxlength=\"400\" class=\"wpcf7-form-control wpcf7-text wpcf7-validates-as-required\" aria-required=\"true\" aria-invalid=\"false\" placeholder=\"Vorname\" value=\"\" type=\"text\" name=\"your-name-first\" \/><\/span>\n\t\t<\/p>\n\t\t<p><span class=\"wpcf7-form-control-wrap\" data-name=\"number-893\"><input size=\"40\" maxlength=\"400\" class=\"wpcf7-form-control wpcf7-text wpcf7-validates-as-required\" aria-required=\"true\" aria-invalid=\"false\" placeholder=\"Telefonnummer\" value=\"\" type=\"text\" name=\"number-893\" \/><\/span>\n\t\t<\/p>\n\t<\/div>\n\t<div class=\"cmsms_column one_half\">\n\t\t<p><span class=\"wpcf7-form-control-wrap\" data-name=\"your-name-last\"><input size=\"40\" maxlength=\"400\" class=\"wpcf7-form-control wpcf7-text wpcf7-validates-as-required\" aria-required=\"true\" aria-invalid=\"false\" placeholder=\"Nachname\" value=\"\" type=\"text\" name=\"your-name-last\" \/><\/span>\n\t\t<\/p>\n\t\t<p><span class=\"wpcf7-form-control-wrap\" data-name=\"your-email\"><input size=\"40\" maxlength=\"400\" class=\"wpcf7-form-control wpcf7-email wpcf7-validates-as-required wpcf7-text wpcf7-validates-as-email\" aria-required=\"true\" aria-invalid=\"false\" placeholder=\"Email\" value=\"\" type=\"email\" name=\"your-email\" \/><\/span>\n\t\t<\/p>\n\t<\/div>\n<\/div>\n<div class=\"cmsmasters_row_margin cmsms_1212\">\n\t<div class=\"cmsms_column\">\n\t\t<p><span class=\"wpcf7-form-control-wrap\" data-name=\"textarea-591\"><textarea cols=\"40\" rows=\"10\" maxlength=\"2000\" class=\"wpcf7-form-control wpcf7-textarea wpcf7-validates-as-required\" aria-required=\"true\" aria-invalid=\"false\" placeholder=\"Ihre Nachricht\" name=\"textarea-591\"><\/textarea><\/span>\n\t\t<\/p>\n\t<\/div>\n<\/div>\n<div class=\"cmsmasters_row_margin cmsms_1212\">\n\t<p><span class=\"wpcf7-form-control-wrap\" data-name=\"acceptance-723\"><span class=\"wpcf7-form-control wpcf7-acceptance\"><span class=\"wpcf7-list-item\"><label><input type=\"checkbox\" name=\"acceptance-723\" value=\"1\" aria-invalid=\"false\" \/><span class=\"wpcf7-list-item-label\">Ich habe die Datenschutzerkl\u00e4rung zur Kenntnis genommen und bin damit einverstanden, dass die von mir angegebenen Daten elektronisch erhoben und gespeichert werden. Meine Daten werden dabei nur streng zweckgebunden zur Bearbeitung und Beantwortung meiner Anfrage benutzt.<\/span><\/label><\/span><\/span><\/span><br \/>\n<input class=\"wpcf7-form-control wpcf7-submit has-spinner\" type=\"submit\" value=\"Nachricht abschicken\" \/>\n\t<\/p>\n<\/div><div class=\"wpcf7-response-output\" aria-hidden=\"true\"><\/div>\n<\/form>\n<\/div>\n<\/div>\n<\/div><\/div>\n<\/div>\n<\/div>\n<\/div>\n<\/div>\n<\/div>\n<div id=\"cmsmasters_row_4fpvrofujh\" class=\"cmsmasters_row cmsmasters_color_scheme_default cmsmasters_row_top_default cmsmasters_row_bot_default cmsmasters_row_fullwidth\">\n<div class=\"cmsmasters_row_outer_parent\">\n<div class=\"cmsmasters_row_outer\">\n<div class=\"cmsmasters_row_inner cmsmasters_row_fullwidth\">\n<div class=\"cmsmasters_row_margin\">\n<div id=\"cmsmasters_column_6hj6zj9cg\" class=\"cmsmasters_column one_first\">\n<div class=\"cmsmasters_column_inner\"><p><\/p>\n<\/div><\/div>\n<\/div>\n<\/div>\n<\/div>\n<\/div>\n<\/div>\n<div id=\"cmsmasters_row_b7rpcj1deu\" class=\"cmsmasters_row cmsmasters_color_scheme_default cmsmasters_row_top_default cmsmasters_row_bot_default cmsmasters_row_boxed\">\n<div class=\"cmsmasters_row_outer_parent\">\n<div class=\"cmsmasters_row_overlay\"><\/div>\n<div class=\"cmsmasters_row_outer\">\n<div class=\"cmsmasters_row_inner\">\n<div class=\"cmsmasters_row_margin\">\n<div id=\"cmsmasters_column_6lcq22j0x\" class=\"cmsmasters_column one_first\">\n<div class=\"cmsmasters_column_inner\"><p><\/p>\n<\/div><\/div>\n<\/div>\n<\/div>\n<\/div>\n<\/div>\n<\/div>\n\n","protected":false},"excerpt":{"rendered":"","protected":false},"author":1,"featured_media":0,"parent":0,"menu_order":0,"comment_status":"closed","ping_status":"closed","template":"","meta":{"_sitemap_exclude":false,"_sitemap_priority":"","_sitemap_frequency":"","footnotes":""},"class_list":["post-505","page","type-page","status-publish","hentry"],"_links":{"self":[{"href":"https:\/\/mim-pflegedienst.de\/index.php\/wp-json\/wp\/v2\/pages\/505","targetHints":{"allow":["GET"]}}],"collection":[{"href":"https:\/\/mim-pflegedienst.de\/index.php\/wp-json\/wp\/v2\/pages"}],"about":[{"href":"https:\/\/mim-pflegedienst.de\/index.php\/wp-json\/wp\/v2\/types\/page"}],"author":[{"embeddable":true,"href":"https:\/\/mim-pflegedienst.de\/index.php\/wp-json\/wp\/v2\/users\/1"}],"replies":[{"embeddable":true,"href":"https:\/\/mim-pflegedienst.de\/index.php\/wp-json\/wp\/v2\/comments?post=505"}],"version-history":[{"count":55,"href":"https:\/\/mim-pflegedienst.de\/index.php\/wp-json\/wp\/v2\/pages\/505\/revisions"}],"predecessor-version":[{"id":2986,"href":"https:\/\/mim-pflegedienst.de\/index.php\/wp-json\/wp\/v2\/pages\/505\/revisions\/2986"}],"wp:attachment":[{"href":"https:\/\/mim-pflegedienst.de\/index.php\/wp-json\/wp\/v2\/media?parent=505"}],"curies":[{"name":"wp","href":"https:\/\/api.w.org\/{rel}","templated":true}]}}