{"id":2906,"date":"2025-11-05T10:57:56","date_gmt":"2025-11-05T09:57:56","guid":{"rendered":"https:\/\/mim-pflegedienst.de\/?page_id=2906"},"modified":"2025-11-05T12:41:19","modified_gmt":"2025-11-05T11:41:19","slug":"betreuung","status":"publish","type":"page","link":"https:\/\/mim-pflegedienst.de\/index.php\/betreuung\/","title":{"rendered":"Betreuung"},"content":{"rendered":"<div id=\"cmsmasters_row_w6mt1f5j7o\" class=\"cmsmasters_row cmsmasters_color_scheme_default cmsmasters_row_top_default cmsmasters_row_bot_default cmsmasters_row_boxed\">\n<div class=\"cmsmasters_row_outer_parent\">\n<div class=\"cmsmasters_row_outer\">\n<div class=\"cmsmasters_row_inner\">\n<div class=\"cmsmasters_row_margin\">\n<div id=\"cmsmasters_column_8klcmynpa8\" class=\"cmsmasters_column one_first\">\n<div class=\"cmsmasters_column_inner\"><\/div><\/div>\n<\/div>\n<\/div>\n<\/div>\n<\/div>\n<\/div>\n<div id=\"cmsmasters_row_ix2pskow14\" class=\"cmsmasters_row cmsmasters_color_scheme_default cmsmasters_row_top_default cmsmasters_row_bot_default cmsmasters_row_boxed\">\n<div class=\"cmsmasters_row_outer_parent\">\n<div class=\"cmsmasters_row_outer\">\n<div class=\"cmsmasters_row_inner\">\n<div class=\"cmsmasters_row_margin\">\n<div id=\"cmsmasters_column_r93p60ysk\" class=\"cmsmasters_column one_first\">\n<div class=\"cmsmasters_column_inner\"><div id=\"cmsmasters_heading_tc2clveewk\" class=\"cmsmasters_heading_wrap cmsmasters_heading_align_center\">\n\t<h2 class=\"cmsmasters_heading\">Ihr Betreuungsdienst in Aumenau<\/h2>\n<\/div>\n<\/div><\/div>\n<\/div>\n<\/div>\n<\/div>\n<\/div>\n<\/div>\n<div id=\"cmsmasters_row_xgt17m1jhq\" class=\"cmsmasters_row cmsmasters_color_scheme_default cmsmasters_row_top_default cmsmasters_row_bot_default cmsmasters_row_boxed\">\n<div class=\"cmsmasters_row_outer_parent\">\n<div class=\"cmsmasters_row_outer\">\n<div class=\"cmsmasters_row_inner\">\n<div class=\"cmsmasters_row_margin\">\n<div id=\"cmsmasters_column_97gumiez7\" class=\"cmsmasters_column one_first\">\n<div class=\"cmsmasters_column_inner\"><div class=\"cmsmasters_text\">\n<p data-start=\"143\" data-end=\"302\"><strong data-start=\"143\" data-end=\"180\">Betreuung \u2013 mit Herz, Zeit und Verst\u00e4ndnis f\u00fcr Ihre Bed\u00fcrfnisse.<br \/>\n<\/strong>Unsere Betreuungsleistungen richten sich an Menschen, die im Alltag Unterst\u00fctzung, Gesellschaft und eine verl\u00e4ssliche Begleitung w\u00fcnschen. Oft sind es die kleinen Dinge, die den Tag bereichern \u2013 ein gemeinsames Gespr\u00e4ch, ein Spaziergang, ein L\u00e4cheln oder einfach jemand, der zuh\u00f6rt.<\/p>\n<p data-start=\"581\" data-end=\"794\">Wir nehmen uns Zeit f\u00fcr Sie und gestalten die Betreuung ganz nach Ihren pers\u00f6nlichen W\u00fcnschen und Interessen. Dabei geht es nicht nur um praktische Hilfe, sondern vor allem um menschliche N\u00e4he und Wertsch\u00e4tzung.<\/p>\n<p data-start=\"796\" data-end=\"837\">Unsere Betreuung umfasst unter anderem:<\/p>\n<p data-start=\"840\" data-end=\"910\">&#8211; Gemeinsame Spazierg\u00e4nge und Begleitung zu Terminen oder Arztbesuchen<\/p>\n<p data-start=\"913\" data-end=\"964\">&#8211; Unterst\u00fctzung bei Freizeitaktivit\u00e4ten oder Hobbys<\/p>\n<p data-start=\"967\" data-end=\"1013\">&#8211; Vorlesen, Gespr\u00e4che und Gesellschaft leisten<\/p>\n<p data-start=\"1016\" data-end=\"1059\">&#8211; Unterst\u00fctzung bei der Tagesstrukturierung<\/p>\n<p data-start=\"1062\" data-end=\"1109\">&#8211; Erinnern an Termine oder Medikamenteneinnahme<\/p>\n<p data-start=\"1112\" data-end=\"1176\">&#8211; Entlastung pflegender Angeh\u00f6riger durch stundenweise Betreuung<\/p>\n<p data-start=\"1178\" data-end=\"1422\">Unser Ziel ist es, Ihnen ein selbstbestimmtes Leben zu erm\u00f6glichen und gleichzeitig Sicherheit, Geborgenheit und Lebensfreude zu schenken. Mit Einf\u00fchlungsverm\u00f6gen und Erfahrung schaffen wir Momente, die den Alltag leichter und sch\u00f6ner machen.<\/p>\n<\/div>\n<\/div><\/div>\n<\/div>\n<\/div>\n<\/div>\n<\/div>\n<\/div>\n<div id=\"cmsmasters_row_vwdardory4\" class=\"cmsmasters_row cmsmasters_color_scheme_default cmsmasters_row_top_default cmsmasters_row_bot_default cmsmasters_row_boxed\">\n<div class=\"cmsmasters_row_outer_parent\">\n<div class=\"cmsmasters_row_outer\">\n<div class=\"cmsmasters_row_inner\">\n<div class=\"cmsmasters_row_margin\">\n<div id=\"cmsmasters_column_ouz2cdnrgs\" class=\"cmsmasters_column one_first\">\n<div class=\"cmsmasters_column_inner\"><\/div><\/div>\n<\/div>\n<\/div>\n<\/div>\n<\/div>\n<\/div>\n<div id=\"cmsmasters_row_5v4fw7e4a\" class=\"cmsmasters_row cmsmasters_color_scheme_default cmsmasters_row_top_default cmsmasters_row_bot_default cmsmasters_row_boxed\">\n<div class=\"cmsmasters_row_outer_parent\">\n<div class=\"cmsmasters_row_outer\">\n<div class=\"cmsmasters_row_inner\">\n<div class=\"cmsmasters_row_margin\">\n<div id=\"cmsmasters_column_htu2tbxee\" class=\"cmsmasters_column one_fourth\">\n<div class=\"cmsmasters_column_inner\"><div id=\"cmsmasters_icon_482b7074fk\" class=\"cmsmasters_icon_wrap\"><span class=\"cmsmasters_simple_icon cmsmasters-icon-custom-check-mark\"><\/span><span class=\"cmsmasters_simple_icon_title\"><\/span><\/div>\n<div id=\"cmsmasters_heading_rntkwcca9l\" class=\"cmsmasters_heading_wrap cmsmasters_heading_align_center\">\n\t<h2 class=\"cmsmasters_heading\">Pflegedienst<\/h2>\n<\/div><div class=\"cmsmasters_text\">\n<p style=\"text-align: center;\"><span style=\"color: #fff; font-size: 15px; line-height: 25px; font-weight: 400;\">Wir k\u00fcmmern uns in der medizinischen Pflege um die Gesundheit und das Wohlbefinden der Menschen. Wir messen Blutdruck, verabreichen Medikamente und unterst\u00fctzen bei Behandlungen.<\/span><\/p>\n<\/div>\n<\/div><\/div>\n<div id=\"cmsmasters_column_f7yr54b8vx\" class=\"cmsmasters_column one_fourth\">\n<div class=\"cmsmasters_column_inner\"><div id=\"cmsmasters_icon_iy4s065fzk\" class=\"cmsmasters_icon_wrap\"><span class=\"cmsmasters_simple_icon cmsmasters-icon-custom-home\"><\/span><span class=\"cmsmasters_simple_icon_title\"><\/span><\/div>\n<div id=\"cmsmasters_heading_z178z2w1go\" class=\"cmsmasters_heading_wrap cmsmasters_heading_align_center\">\n\t<h2 class=\"cmsmasters_heading\">Hauswirtschaft<\/h2>\n<\/div><div class=\"cmsmasters_text\">\n<p style=\"text-align: center;\"><span style=\"color: #fff; font-size: 15px; line-height: 25px; font-weight: 400;\">Wir k\u00fcmmern uns in der Hauswirtschaft um alles, was im Haushalt wichtig ist. Wir kochen, reinigen, waschen und organisieren, damit alles gut funktioniert. Dabei achten wir auf Sauberkeit, Ordnung und einen bewussten Umgang mit Ressourcen.<\/span><\/p>\n<\/div>\n<\/div><\/div>\n<div id=\"cmsmasters_column_mrh2opekjw\" class=\"cmsmasters_column one_fourth\">\n<div class=\"cmsmasters_column_inner\"><div id=\"cmsmasters_icon_oji0pmnl8l\" class=\"cmsmasters_icon_wrap\"><span class=\"cmsmasters_simple_icon cmsmasters-icon-custom-heart\"><\/span><span class=\"cmsmasters_simple_icon_title\"><\/span><\/div>\n<div id=\"cmsmasters_heading_qo19wpzp1a\" class=\"cmsmasters_heading_wrap cmsmasters_heading_align_center\">\n\t<h2 class=\"cmsmasters_heading\">Betreuung<\/h2>\n<\/div><div class=\"cmsmasters_text\">\n<p style=\"text-align: center;\"><span style=\"color: #fff; font-size: 15px; line-height: 25px; font-weight: 400;\">Wir begleiten und unterst\u00fctzen \u00e4ltere Menschen im Alltag. Wir helfen bei der Pflege, h\u00f6ren zu, f\u00fchren Gespr\u00e4che und gestalten gemeinsame Aktivit\u00e4ten. Dabei sorgen wir f\u00fcr Wohlbefinden, Sicherheit und ein respektvolles Miteinander.<\/span><\/p>\n<\/div>\n<\/div><\/div>\n<div id=\"cmsmasters_column_8d5027yp9\" class=\"cmsmasters_column one_fourth\">\n<div class=\"cmsmasters_column_inner\"><div id=\"cmsmasters_icon_xxkmcvidgq\" class=\"cmsmasters_icon_wrap\"><span class=\"cmsmasters_simple_icon cmsmasters-icon-custom-cursor\"><\/span><span class=\"cmsmasters_simple_icon_title\"><\/span><\/div>\n<div id=\"cmsmasters_heading_hjnnlcj7dh\" class=\"cmsmasters_heading_wrap cmsmasters_heading_align_center\">\n\t<h2 class=\"cmsmasters_heading\">Pflegemittel<\/h2>\n<\/div><div class=\"cmsmasters_text\">\n<p style=\"text-align: center;\"><span style=\"color: #fff; font-size: 15px; line-height: 25px; font-weight: 400;\">Pflegemittel erleichtern die t\u00e4gliche Pflege und tragen dazu bei, die Hygiene und das Wohlbefinden zu erhalten. Dazu geh\u00f6ren unter anderem Einmalhandschuhe, Desinfektionsmittel, Bettschutzeinlagen, Mundschutz und Schutzsch\u00fcrzen.<\/span><\/p>\n<\/div>\n<\/div><\/div>\n<\/div>\n<\/div>\n<\/div>\n<\/div>\n<\/div>\n<div id=\"cmsmasters_row_43vco2yxkb\" class=\"cmsmasters_row cmsmasters_color_scheme_third cmsmasters_row_top_default cmsmasters_row_bot_default cmsmasters_row_boxed\">\n<div class=\"cmsmasters_row_outer_parent\">\n<div class=\"cmsmasters_row_outer\">\n<div class=\"cmsmasters_row_inner\">\n<div class=\"cmsmasters_row_margin\">\n<div id=\"cmsmasters_column_0xr0fq3nue\" class=\"cmsmasters_column one_first\">\n<div class=\"cmsmasters_column_inner\"><div class=\"cmsmasters_text\">\n<h3 style=\"text-align: center;\"><span style=\"font-size: 28px; line-height: 36px; font-weight: 300;\">Gerne unterst\u00fctzen wir Sie in allen Lebensphasen. <strong>MIM<\/strong>-Pflegedienst<\/span><\/h3>\n<h4 style=\"text-align: center;\">Den bei uns steht der Mensch im Mittelpunkt<\/h4>\n<\/div>\n<\/div><\/div>\n<\/div>\n<\/div>\n<\/div>\n<\/div>\n<\/div>\n\n","protected":false},"excerpt":{"rendered":"","protected":false},"author":1,"featured_media":0,"parent":0,"menu_order":0,"comment_status":"closed","ping_status":"closed","template":"","meta":{"_sitemap_exclude":false,"_sitemap_priority":"","_sitemap_frequency":"","footnotes":""},"class_list":["post-2906","page","type-page","status-publish","hentry"],"_links":{"self":[{"href":"https:\/\/mim-pflegedienst.de\/index.php\/wp-json\/wp\/v2\/pages\/2906","targetHints":{"allow":["GET"]}}],"collection":[{"href":"https:\/\/mim-pflegedienst.de\/index.php\/wp-json\/wp\/v2\/pages"}],"about":[{"href":"https:\/\/mim-pflegedienst.de\/index.php\/wp-json\/wp\/v2\/types\/page"}],"author":[{"embeddable":true,"href":"https:\/\/mim-pflegedienst.de\/index.php\/wp-json\/wp\/v2\/users\/1"}],"replies":[{"embeddable":true,"href":"https:\/\/mim-pflegedienst.de\/index.php\/wp-json\/wp\/v2\/comments?post=2906"}],"version-history":[{"count":7,"href":"https:\/\/mim-pflegedienst.de\/index.php\/wp-json\/wp\/v2\/pages\/2906\/revisions"}],"predecessor-version":[{"id":2953,"href":"https:\/\/mim-pflegedienst.de\/index.php\/wp-json\/wp\/v2\/pages\/2906\/revisions\/2953"}],"wp:attachment":[{"href":"https:\/\/mim-pflegedienst.de\/index.php\/wp-json\/wp\/v2\/media?parent=2906"}],"curies":[{"name":"wp","href":"https:\/\/api.w.org\/{rel}","templated":true}]}}