{"id":2904,"date":"2025-11-05T10:57:34","date_gmt":"2025-11-05T09:57:34","guid":{"rendered":"https:\/\/mim-pflegedienst.de\/?page_id=2904"},"modified":"2025-11-05T12:41:00","modified_gmt":"2025-11-05T11:41:00","slug":"hauswirtschaft","status":"publish","type":"page","link":"https:\/\/mim-pflegedienst.de\/index.php\/hauswirtschaft\/","title":{"rendered":"Hauswirtschaft"},"content":{"rendered":"<div id=\"cmsmasters_row_w6mt1f5j7o\" class=\"cmsmasters_row cmsmasters_color_scheme_default cmsmasters_row_top_default cmsmasters_row_bot_default cmsmasters_row_boxed\">\n<div class=\"cmsmasters_row_outer_parent\">\n<div class=\"cmsmasters_row_outer\">\n<div class=\"cmsmasters_row_inner\">\n<div class=\"cmsmasters_row_margin\">\n<div id=\"cmsmasters_column_8klcmynpa8\" class=\"cmsmasters_column one_first\">\n<div class=\"cmsmasters_column_inner\"><\/div><\/div>\n<\/div>\n<\/div>\n<\/div>\n<\/div>\n<\/div>\n<div id=\"cmsmasters_row_ix2pskow14\" class=\"cmsmasters_row cmsmasters_color_scheme_default cmsmasters_row_top_default cmsmasters_row_bot_default cmsmasters_row_boxed\">\n<div class=\"cmsmasters_row_outer_parent\">\n<div class=\"cmsmasters_row_outer\">\n<div class=\"cmsmasters_row_inner\">\n<div class=\"cmsmasters_row_margin\">\n<div id=\"cmsmasters_column_r93p60ysk\" class=\"cmsmasters_column one_first\">\n<div class=\"cmsmasters_column_inner\"><div id=\"cmsmasters_heading_tc2clveewk\" class=\"cmsmasters_heading_wrap cmsmasters_heading_align_center\">\n\t<h2 class=\"cmsmasters_heading\">Ihr Hauswirtschaftsdienst in Aumenau<\/h2>\n<\/div>\n<\/div><\/div>\n<\/div>\n<\/div>\n<\/div>\n<\/div>\n<\/div>\n<div id=\"cmsmasters_row_xgt17m1jhq\" class=\"cmsmasters_row cmsmasters_color_scheme_default cmsmasters_row_top_default cmsmasters_row_bot_default cmsmasters_row_boxed\">\n<div class=\"cmsmasters_row_outer_parent\">\n<div class=\"cmsmasters_row_outer\">\n<div class=\"cmsmasters_row_inner\">\n<div class=\"cmsmasters_row_margin\">\n<div id=\"cmsmasters_column_97gumiez7\" class=\"cmsmasters_column one_first\">\n<div class=\"cmsmasters_column_inner\"><div class=\"cmsmasters_text\">\n<p data-start=\"143\" data-end=\"302\"><strong data-start=\"143\" data-end=\"180\">Hauswirtschaftliche Hilfe \u2013 Unterst\u00fctzung f\u00fcr ein gepflegtes Zuhause.<br \/>\n<\/strong>Ein sauberes und geordnetes Zuhause tr\u00e4gt wesentlich zum Wohlbefinden bei. Doch im Alltag k\u00f6nnen bestimmte T\u00e4tigkeiten zunehmend schwerfallen. Unsere hauswirtschaftliche Hilfe entlastet Sie zuverl\u00e4ssig und sorgt daf\u00fcr, dass Sie sich in Ihren eigenen vier W\u00e4nden weiterhin wohlf\u00fchlen k\u00f6nnen.<\/p>\n<p data-start=\"553\" data-end=\"679\">Unsere erfahrenen Mitarbeitenden unterst\u00fctzen Sie individuell und mit Herz bei allen anfallenden Aufgaben, wie zum Beispiel:<\/p>\n<p data-start=\"683\" data-end=\"706\">&#8211; Reinigung der Wohnung<\/p>\n<p data-start=\"709\" data-end=\"751\">&#8211; W\u00e4sche waschen, b\u00fcgeln und zusammenlegen<\/p>\n<p data-start=\"754\" data-end=\"782\">&#8211; Zubereitung von Mahlzeiten<\/p>\n<p data-start=\"785\" data-end=\"810\">&#8211; Eink\u00e4ufe und Boteng\u00e4nge<\/p>\n<p data-start=\"813\" data-end=\"863\">&#8211; Unterst\u00fctzung bei der Organisation des Haushalts<\/p>\n<p data-start=\"865\" data-end=\"1141\">Dabei achten wir stets darauf, Ihre pers\u00f6nlichen W\u00fcnsche und Gewohnheiten zu ber\u00fccksichtigen. Ziel unserer hauswirtschaftlichen Hilfe ist es, Ihre Selbstst\u00e4ndigkeit zu f\u00f6rdern und Ihnen gleichzeitig sp\u00fcrbare Entlastung im Alltag zu bieten \u2013 f\u00fcr mehr Lebensqualit\u00e4t zu Hause.<\/p>\n<\/div>\n<\/div><\/div>\n<\/div>\n<\/div>\n<\/div>\n<\/div>\n<\/div>\n<div id=\"cmsmasters_row_vwdardory4\" class=\"cmsmasters_row cmsmasters_color_scheme_default cmsmasters_row_top_default cmsmasters_row_bot_default cmsmasters_row_boxed\">\n<div class=\"cmsmasters_row_outer_parent\">\n<div class=\"cmsmasters_row_outer\">\n<div class=\"cmsmasters_row_inner\">\n<div class=\"cmsmasters_row_margin\">\n<div id=\"cmsmasters_column_ouz2cdnrgs\" class=\"cmsmasters_column one_first\">\n<div class=\"cmsmasters_column_inner\"><\/div><\/div>\n<\/div>\n<\/div>\n<\/div>\n<\/div>\n<\/div>\n<div id=\"cmsmasters_row_5v4fw7e4a\" class=\"cmsmasters_row cmsmasters_color_scheme_default cmsmasters_row_top_default cmsmasters_row_bot_default cmsmasters_row_boxed\">\n<div class=\"cmsmasters_row_outer_parent\">\n<div class=\"cmsmasters_row_outer\">\n<div class=\"cmsmasters_row_inner\">\n<div class=\"cmsmasters_row_margin\">\n<div id=\"cmsmasters_column_htu2tbxee\" class=\"cmsmasters_column one_fourth\">\n<div class=\"cmsmasters_column_inner\"><div id=\"cmsmasters_icon_482b7074fk\" class=\"cmsmasters_icon_wrap\"><span class=\"cmsmasters_simple_icon cmsmasters-icon-custom-check-mark\"><\/span><span class=\"cmsmasters_simple_icon_title\"><\/span><\/div>\n<div id=\"cmsmasters_heading_rntkwcca9l\" class=\"cmsmasters_heading_wrap cmsmasters_heading_align_center\">\n\t<h2 class=\"cmsmasters_heading\">Pflegedienst<\/h2>\n<\/div><div class=\"cmsmasters_text\">\n<p style=\"text-align: center;\"><span style=\"color: #fff; font-size: 15px; line-height: 25px; font-weight: 400;\">Wir k\u00fcmmern uns in der medizinischen Pflege um die Gesundheit und das Wohlbefinden der Menschen. Wir messen Blutdruck, verabreichen Medikamente und unterst\u00fctzen bei Behandlungen.<\/span><\/p>\n<\/div>\n<\/div><\/div>\n<div id=\"cmsmasters_column_f7yr54b8vx\" class=\"cmsmasters_column one_fourth\">\n<div class=\"cmsmasters_column_inner\"><div id=\"cmsmasters_icon_iy4s065fzk\" class=\"cmsmasters_icon_wrap\"><span class=\"cmsmasters_simple_icon cmsmasters-icon-custom-home\"><\/span><span class=\"cmsmasters_simple_icon_title\"><\/span><\/div>\n<div id=\"cmsmasters_heading_z178z2w1go\" class=\"cmsmasters_heading_wrap cmsmasters_heading_align_center\">\n\t<h2 class=\"cmsmasters_heading\">Hauswirtschaft<\/h2>\n<\/div><div class=\"cmsmasters_text\">\n<p style=\"text-align: center;\"><span style=\"color: #fff; font-size: 15px; line-height: 25px; font-weight: 400;\">Wir k\u00fcmmern uns in der Hauswirtschaft um alles, was im Haushalt wichtig ist. Wir kochen, reinigen, waschen und organisieren, damit alles gut funktioniert. Dabei achten wir auf Sauberkeit, Ordnung und einen bewussten Umgang mit Ressourcen.<\/span><\/p>\n<\/div>\n<\/div><\/div>\n<div id=\"cmsmasters_column_mrh2opekjw\" class=\"cmsmasters_column one_fourth\">\n<div class=\"cmsmasters_column_inner\"><div id=\"cmsmasters_icon_oji0pmnl8l\" class=\"cmsmasters_icon_wrap\"><span class=\"cmsmasters_simple_icon cmsmasters-icon-custom-heart\"><\/span><span class=\"cmsmasters_simple_icon_title\"><\/span><\/div>\n<div id=\"cmsmasters_heading_qo19wpzp1a\" class=\"cmsmasters_heading_wrap cmsmasters_heading_align_center\">\n\t<h2 class=\"cmsmasters_heading\">Betreuung<\/h2>\n<\/div><div class=\"cmsmasters_text\">\n<p style=\"text-align: center;\"><span style=\"color: #fff; font-size: 15px; line-height: 25px; font-weight: 400;\">Wir begleiten und unterst\u00fctzen \u00e4ltere Menschen im Alltag. Wir helfen bei der Pflege, h\u00f6ren zu, f\u00fchren Gespr\u00e4che und gestalten gemeinsame Aktivit\u00e4ten. Dabei sorgen wir f\u00fcr Wohlbefinden, Sicherheit und ein respektvolles Miteinander.<\/span><\/p>\n<\/div>\n<\/div><\/div>\n<div id=\"cmsmasters_column_8d5027yp9\" class=\"cmsmasters_column one_fourth\">\n<div class=\"cmsmasters_column_inner\"><div id=\"cmsmasters_icon_xxkmcvidgq\" class=\"cmsmasters_icon_wrap\"><span class=\"cmsmasters_simple_icon cmsmasters-icon-custom-cursor\"><\/span><span class=\"cmsmasters_simple_icon_title\"><\/span><\/div>\n<div id=\"cmsmasters_heading_hjnnlcj7dh\" class=\"cmsmasters_heading_wrap cmsmasters_heading_align_center\">\n\t<h2 class=\"cmsmasters_heading\">Pflegemittel<\/h2>\n<\/div><div class=\"cmsmasters_text\">\n<p style=\"text-align: center;\"><span style=\"color: #fff; font-size: 15px; line-height: 25px; font-weight: 400;\">Pflegemittel erleichtern die t\u00e4gliche Pflege und tragen dazu bei, die Hygiene und das Wohlbefinden zu erhalten. Dazu geh\u00f6ren unter anderem Einmalhandschuhe, Desinfektionsmittel, Bettschutzeinlagen, Mundschutz und Schutzsch\u00fcrzen.<\/span><\/p>\n<\/div>\n<\/div><\/div>\n<\/div>\n<\/div>\n<\/div>\n<\/div>\n<\/div>\n<div id=\"cmsmasters_row_43vco2yxkb\" class=\"cmsmasters_row cmsmasters_color_scheme_third cmsmasters_row_top_default cmsmasters_row_bot_default cmsmasters_row_boxed\">\n<div class=\"cmsmasters_row_outer_parent\">\n<div class=\"cmsmasters_row_outer\">\n<div class=\"cmsmasters_row_inner\">\n<div class=\"cmsmasters_row_margin\">\n<div id=\"cmsmasters_column_0xr0fq3nue\" class=\"cmsmasters_column one_first\">\n<div class=\"cmsmasters_column_inner\"><div class=\"cmsmasters_text\">\n<h3 style=\"text-align: center;\"><span style=\"font-size: 28px; line-height: 36px; font-weight: 300;\">Gerne unterst\u00fctzen wir Sie in allen Lebensphasen. <strong>MIM<\/strong>-Pflegedienst<\/span><\/h3>\n<h4 style=\"text-align: center;\">Den bei uns steht der Mensch im Mittelpunkt<\/h4>\n<\/div>\n<\/div><\/div>\n<\/div>\n<\/div>\n<\/div>\n<\/div>\n<\/div>\n\n","protected":false},"excerpt":{"rendered":"","protected":false},"author":1,"featured_media":0,"parent":0,"menu_order":0,"comment_status":"closed","ping_status":"closed","template":"","meta":{"_sitemap_exclude":false,"_sitemap_priority":"","_sitemap_frequency":"","footnotes":""},"class_list":["post-2904","page","type-page","status-publish","hentry"],"_links":{"self":[{"href":"https:\/\/mim-pflegedienst.de\/index.php\/wp-json\/wp\/v2\/pages\/2904","targetHints":{"allow":["GET"]}}],"collection":[{"href":"https:\/\/mim-pflegedienst.de\/index.php\/wp-json\/wp\/v2\/pages"}],"about":[{"href":"https:\/\/mim-pflegedienst.de\/index.php\/wp-json\/wp\/v2\/types\/page"}],"author":[{"embeddable":true,"href":"https:\/\/mim-pflegedienst.de\/index.php\/wp-json\/wp\/v2\/users\/1"}],"replies":[{"embeddable":true,"href":"https:\/\/mim-pflegedienst.de\/index.php\/wp-json\/wp\/v2\/comments?post=2904"}],"version-history":[{"count":10,"href":"https:\/\/mim-pflegedienst.de\/index.php\/wp-json\/wp\/v2\/pages\/2904\/revisions"}],"predecessor-version":[{"id":2952,"href":"https:\/\/mim-pflegedienst.de\/index.php\/wp-json\/wp\/v2\/pages\/2904\/revisions\/2952"}],"wp:attachment":[{"href":"https:\/\/mim-pflegedienst.de\/index.php\/wp-json\/wp\/v2\/media?parent=2904"}],"curies":[{"name":"wp","href":"https:\/\/api.w.org\/{rel}","templated":true}]}}